{"id":2455,"date":"2025-09-25T11:05:02","date_gmt":"2025-09-25T08:05:02","guid":{"rendered":"http:\/\/triinu.taiendkoolitused.ee\/?page_id=2455"},"modified":"2025-11-10T12:36:43","modified_gmt":"2025-11-10T10:36:43","slug":"tehtud-tood","status":"publish","type":"page","link":"https:\/\/xn--jrvakoristus-gcb.ee\/et\/tehtud-tood\/","title":{"rendered":"Tehtud t\u00f6\u00f6d"},"content":{"rendered":"\t\t<div data-elementor-type=\"wp-page\" data-elementor-id=\"2455\" class=\"elementor elementor-2455\">\n\t\t\t\t<div class=\"elementor-element elementor-element-93263f3 e-flex e-con-boxed e-con e-parent\" data-id=\"93263f3\" data-element_type=\"container\" data-e-type=\"container\" data-settings=\"{&quot;background_background&quot;:&quot;classic&quot;}\">\n\t\t\t\t\t<div class=\"e-con-inner\">\n\t\t<div class=\"elementor-element elementor-element-6c32ff7 e-flex e-con-boxed e-con e-child\" data-id=\"6c32ff7\" data-element_type=\"container\" data-e-type=\"container\">\n\t\t\t\t\t<div class=\"e-con-inner\">\n\t\t\t\t<div class=\"elementor-element elementor-element-888fcee elementor-widget elementor-widget-heading\" data-id=\"888fcee\" data-element_type=\"widget\" data-e-type=\"widget\" data-widget_type=\"heading.default\">\n\t\t\t\t<div class=\"elementor-widget-container\">\n\t\t\t\t\t<h1 class=\"elementor-heading-title elementor-size-default\">tehtud t\u00f6\u00f6d<\/h1>\t\t\t\t<\/div>\n\t\t\t\t<\/div>\n\t\t\t\t\t<\/div>\n\t\t\t\t<\/div>\n\t\t\t\t\t<\/div>\n\t\t\t\t<\/div>\n\t\t<div class=\"elementor-element elementor-element-4cb475b e-flex e-con-boxed e-con e-parent\" data-id=\"4cb475b\" data-element_type=\"container\" data-e-type=\"container\">\n\t\t\t\t\t<div class=\"e-con-inner\">\n\t\t<div class=\"elementor-element elementor-element-9741bfd e-con-full e-grid e-con e-child\" data-id=\"9741bfd\" data-element_type=\"container\" data-e-type=\"container\">\n\t\t\t\t<div class=\"elementor-element elementor-element-8f20989 elementor-widget elementor-widget-image\" data-id=\"8f20989\" data-element_type=\"widget\" data-e-type=\"widget\" data-widget_type=\"image.default\">\n\t\t\t\t<div class=\"elementor-widget-container\">\n\t\t\t\t\t\t\t\t\t\t\t\t\t\t\t<img fetchpriority=\"high\" decoding=\"async\" width=\"1024\" height=\"768\" src=\"https:\/\/xn--jrvakoristus-gcb.ee\/et\/wp-content\/uploads\/2025\/11\/kalda-enne1-1024x768.jpeg\" class=\"attachment-large size-large wp-image-2804\" alt=\"kalda enne1\" srcset=\"https:\/\/xn--jrvakoristus-gcb.ee\/et\/wp-content\/uploads\/2025\/11\/kalda-enne1-1024x768.jpeg 1024w, https:\/\/xn--jrvakoristus-gcb.ee\/et\/wp-content\/uploads\/2025\/11\/kalda-enne1-300x225.jpeg 300w, https:\/\/xn--jrvakoristus-gcb.ee\/et\/wp-content\/uploads\/2025\/11\/kalda-enne1-768x576.jpeg 768w, https:\/\/xn--jrvakoristus-gcb.ee\/et\/wp-content\/uploads\/2025\/11\/kalda-enne1-1536x1152.jpeg 1536w, https:\/\/xn--jrvakoristus-gcb.ee\/et\/wp-content\/uploads\/2025\/11\/kalda-enne1-2048x1536.jpeg 2048w\" sizes=\"(max-width: 1024px) 100vw, 1024px\" title=\"Tehtud t\u00f6\u00f6d\">\t\t\t\t\t\t\t\t\t\t\t\t\t\t\t<\/div>\n\t\t\t\t<\/div>\n\t\t\t\t<div class=\"elementor-element elementor-element-0e62757 elementor-widget elementor-widget-image\" data-id=\"0e62757\" data-element_type=\"widget\" data-e-type=\"widget\" data-widget_type=\"image.default\">\n\t\t\t\t<div class=\"elementor-widget-container\">\n\t\t\t\t\t\t\t\t\t\t\t\t\t\t\t<img decoding=\"async\" width=\"225\" height=\"300\" src=\"https:\/\/xn--jrvakoristus-gcb.ee\/et\/wp-content\/uploads\/2025\/11\/kalda-parast1-225x300.jpg\" class=\"attachment-medium size-medium wp-image-2806\" alt=\"kalda p\u00e4rast1\" srcset=\"https:\/\/xn--jrvakoristus-gcb.ee\/et\/wp-content\/uploads\/2025\/11\/kalda-parast1-225x300.jpg 225w, https:\/\/xn--jrvakoristus-gcb.ee\/et\/wp-content\/uploads\/2025\/11\/kalda-parast1-768x1024.jpg 768w, https:\/\/xn--jrvakoristus-gcb.ee\/et\/wp-content\/uploads\/2025\/11\/kalda-parast1-1152x1536.jpg 1152w, https:\/\/xn--jrvakoristus-gcb.ee\/et\/wp-content\/uploads\/2025\/11\/kalda-parast1-1536x2048.jpg 1536w, https:\/\/xn--jrvakoristus-gcb.ee\/et\/wp-content\/uploads\/2025\/11\/kalda-parast1-scaled.jpg 1920w\" sizes=\"(max-width: 225px) 100vw, 225px\" title=\"Tehtud t\u00f6\u00f6d\">\t\t\t\t\t\t\t\t\t\t\t\t\t\t\t<\/div>\n\t\t\t\t<\/div>\n\t\t\t\t<div class=\"elementor-element elementor-element-745ce0d elementor-widget elementor-widget-image\" data-id=\"745ce0d\" data-element_type=\"widget\" data-e-type=\"widget\" data-widget_type=\"image.default\">\n\t\t\t\t<div class=\"elementor-widget-container\">\n\t\t\t\t\t\t\t\t\t\t\t\t\t\t\t<img decoding=\"async\" width=\"225\" height=\"300\" src=\"https:\/\/xn--jrvakoristus-gcb.ee\/et\/wp-content\/uploads\/2025\/11\/kalda-enne2-225x300.jpeg\" class=\"attachment-medium size-medium wp-image-2805\" alt=\"kalda enne2\" srcset=\"https:\/\/xn--jrvakoristus-gcb.ee\/et\/wp-content\/uploads\/2025\/11\/kalda-enne2-225x300.jpeg 225w, https:\/\/xn--jrvakoristus-gcb.ee\/et\/wp-content\/uploads\/2025\/11\/kalda-enne2-768x1024.jpeg 768w, https:\/\/xn--jrvakoristus-gcb.ee\/et\/wp-content\/uploads\/2025\/11\/kalda-enne2-1152x1536.jpeg 1152w, https:\/\/xn--jrvakoristus-gcb.ee\/et\/wp-content\/uploads\/2025\/11\/kalda-enne2-1536x2048.jpeg 1536w, https:\/\/xn--jrvakoristus-gcb.ee\/et\/wp-content\/uploads\/2025\/11\/kalda-enne2-scaled.jpeg 1920w\" sizes=\"(max-width: 225px) 100vw, 225px\" title=\"Tehtud t\u00f6\u00f6d\">\t\t\t\t\t\t\t\t\t\t\t\t\t\t\t<\/div>\n\t\t\t\t<\/div>\n\t\t\t\t<div class=\"elementor-element elementor-element-b757868 elementor-widget elementor-widget-image\" data-id=\"b757868\" data-element_type=\"widget\" data-e-type=\"widget\" data-widget_type=\"image.default\">\n\t\t\t\t<div class=\"elementor-widget-container\">\n\t\t\t\t\t\t\t\t\t\t\t\t\t\t\t<img loading=\"lazy\" decoding=\"async\" width=\"225\" height=\"300\" src=\"https:\/\/xn--jrvakoristus-gcb.ee\/et\/wp-content\/uploads\/2025\/11\/kalda-parast2-225x300.jpg\" class=\"attachment-medium size-medium wp-image-2807\" alt=\"kalda p\u00e4rast2\" srcset=\"https:\/\/xn--jrvakoristus-gcb.ee\/et\/wp-content\/uploads\/2025\/11\/kalda-parast2-225x300.jpg 225w, https:\/\/xn--jrvakoristus-gcb.ee\/et\/wp-content\/uploads\/2025\/11\/kalda-parast2-768x1024.jpg 768w, https:\/\/xn--jrvakoristus-gcb.ee\/et\/wp-content\/uploads\/2025\/11\/kalda-parast2-1152x1536.jpg 1152w, https:\/\/xn--jrvakoristus-gcb.ee\/et\/wp-content\/uploads\/2025\/11\/kalda-parast2-1536x2048.jpg 1536w, https:\/\/xn--jrvakoristus-gcb.ee\/et\/wp-content\/uploads\/2025\/11\/kalda-parast2-scaled.jpg 1920w\" sizes=\"(max-width: 225px) 100vw, 225px\" title=\"Tehtud t\u00f6\u00f6d\">\t\t\t\t\t\t\t\t\t\t\t\t\t\t\t<\/div>\n\t\t\t\t<\/div>\n\t\t\t\t<\/div>\n\t\t<div class=\"elementor-element elementor-element-458f621 e-flex e-con-boxed e-con e-child\" data-id=\"458f621\" data-element_type=\"container\" data-e-type=\"container\">\n\t\t\t\t\t<div class=\"e-con-inner\">\n\t\t\t\t<div class=\"elementor-element elementor-element-6e070d4 elementor-widget elementor-widget-heading\" data-id=\"6e070d4\" data-element_type=\"widget\" data-e-type=\"widget\" data-widget_type=\"heading.default\">\n\t\t\t\t<div class=\"elementor-widget-container\">\n\t\t\t\t\t<h3 class=\"elementor-heading-title elementor-size-default\">Du\u0161iruumi ja sauna s\u00fcvapuhastus<\/h3>\t\t\t\t<\/div>\n\t\t\t\t<\/div>\n\t\t\t\t<div class=\"elementor-element elementor-element-7179690 elementor-button-info elementor-widget elementor-widget-button\" data-id=\"7179690\" data-element_type=\"widget\" data-e-type=\"widget\" data-widget_type=\"button.default\">\n\t\t\t\t<div class=\"elementor-widget-container\">\n\t\t\t\t\t\t\t\t\t<div class=\"elementor-button-wrapper\">\n\t\t\t\t\t<a class=\"elementor-button elementor-button-link elementor-size-sm\" href=\"https:\/\/xn--jrvakoristus-gcb.ee\/et\/kontakt\/\">\n\t\t\t\t\t\t<span class=\"elementor-button-content-wrapper\">\n\t\t\t\t\t\t\t\t\t<span class=\"elementor-button-text\">V\u00f5ta minuga \u00fchendust<\/span>\n\t\t\t\t\t<\/span>\n\t\t\t\t\t<\/a>\n\t\t\t\t<\/div>\n\t\t\t\t\t\t\t\t<\/div>\n\t\t\t\t<\/div>\n\t\t\t\t\t<\/div>\n\t\t\t\t<\/div>\n\t\t\t\t\t<\/div>\n\t\t\t\t<\/div>\n\t\t<div class=\"elementor-element elementor-element-a5f2e85 e-flex e-con-boxed e-con e-parent\" data-id=\"a5f2e85\" data-element_type=\"container\" data-e-type=\"container\">\n\t\t\t\t\t<div class=\"e-con-inner\">\n\t\t<div class=\"elementor-element elementor-element-bd449b2 e-con-full e-grid e-con e-child\" data-id=\"bd449b2\" data-element_type=\"container\" data-e-type=\"container\">\n\t\t\t\t<div class=\"elementor-element elementor-element-3406e85 elementor-widget elementor-widget-image\" data-id=\"3406e85\" data-element_type=\"widget\" data-e-type=\"widget\" data-widget_type=\"image.default\">\n\t\t\t\t<div class=\"elementor-widget-container\">\n\t\t\t\t\t\t\t\t\t\t\t\t\t\t\t<img loading=\"lazy\" decoding=\"async\" width=\"225\" height=\"300\" src=\"https:\/\/xn--jrvakoristus-gcb.ee\/et\/wp-content\/uploads\/2025\/11\/lehise-enne-225x300.jpg\" class=\"attachment-medium size-medium wp-image-2822\" alt=\"lehise enne\" srcset=\"https:\/\/xn--jrvakoristus-gcb.ee\/et\/wp-content\/uploads\/2025\/11\/lehise-enne-225x300.jpg 225w, https:\/\/xn--jrvakoristus-gcb.ee\/et\/wp-content\/uploads\/2025\/11\/lehise-enne-768x1024.jpg 768w, https:\/\/xn--jrvakoristus-gcb.ee\/et\/wp-content\/uploads\/2025\/11\/lehise-enne-1152x1536.jpg 1152w, https:\/\/xn--jrvakoristus-gcb.ee\/et\/wp-content\/uploads\/2025\/11\/lehise-enne-1536x2048.jpg 1536w, https:\/\/xn--jrvakoristus-gcb.ee\/et\/wp-content\/uploads\/2025\/11\/lehise-enne-scaled.jpg 1920w\" sizes=\"(max-width: 225px) 100vw, 225px\" title=\"Tehtud t\u00f6\u00f6d\">\t\t\t\t\t\t\t\t\t\t\t\t\t\t\t<\/div>\n\t\t\t\t<\/div>\n\t\t\t\t<div class=\"elementor-element elementor-element-ce50988 elementor-widget elementor-widget-image\" data-id=\"ce50988\" data-element_type=\"widget\" data-e-type=\"widget\" data-widget_type=\"image.default\">\n\t\t\t\t<div class=\"elementor-widget-container\">\n\t\t\t\t\t\t\t\t\t\t\t\t\t\t\t<img loading=\"lazy\" decoding=\"async\" width=\"225\" height=\"300\" src=\"https:\/\/xn--jrvakoristus-gcb.ee\/et\/wp-content\/uploads\/2025\/11\/lehise-parast-225x300.jpg\" class=\"attachment-medium size-medium wp-image-2823\" alt=\"lehise p\u00e4rast\" srcset=\"https:\/\/xn--jrvakoristus-gcb.ee\/et\/wp-content\/uploads\/2025\/11\/lehise-parast-225x300.jpg 225w, https:\/\/xn--jrvakoristus-gcb.ee\/et\/wp-content\/uploads\/2025\/11\/lehise-parast-768x1024.jpg 768w, https:\/\/xn--jrvakoristus-gcb.ee\/et\/wp-content\/uploads\/2025\/11\/lehise-parast-1152x1536.jpg 1152w, https:\/\/xn--jrvakoristus-gcb.ee\/et\/wp-content\/uploads\/2025\/11\/lehise-parast-1536x2048.jpg 1536w, https:\/\/xn--jrvakoristus-gcb.ee\/et\/wp-content\/uploads\/2025\/11\/lehise-parast-scaled.jpg 1920w\" sizes=\"(max-width: 225px) 100vw, 225px\" title=\"Tehtud t\u00f6\u00f6d\">\t\t\t\t\t\t\t\t\t\t\t\t\t\t\t<\/div>\n\t\t\t\t<\/div>\n\t\t\t\t<\/div>\n\t\t<div class=\"elementor-element elementor-element-d8b80c8 e-flex e-con-boxed e-con e-child\" data-id=\"d8b80c8\" data-element_type=\"container\" data-e-type=\"container\">\n\t\t\t\t\t<div class=\"e-con-inner\">\n\t\t\t\t<div class=\"elementor-element elementor-element-2d50c80 elementor-widget elementor-widget-heading\" data-id=\"2d50c80\" data-element_type=\"widget\" data-e-type=\"widget\" data-widget_type=\"heading.default\">\n\t\t\t\t<div class=\"elementor-widget-container\">\n\t\t\t\t\t<h3 class=\"elementor-heading-title elementor-size-default\">Pesuruumi s\u00fcvapuhastus<\/h3>\t\t\t\t<\/div>\n\t\t\t\t<\/div>\n\t\t\t\t<div class=\"elementor-element elementor-element-42007f6 elementor-button-info elementor-widget elementor-widget-button\" data-id=\"42007f6\" data-element_type=\"widget\" data-e-type=\"widget\" data-widget_type=\"button.default\">\n\t\t\t\t<div class=\"elementor-widget-container\">\n\t\t\t\t\t\t\t\t\t<div class=\"elementor-button-wrapper\">\n\t\t\t\t\t<a class=\"elementor-button elementor-button-link elementor-size-sm\" href=\"https:\/\/xn--jrvakoristus-gcb.ee\/et\/kontakt\/\">\n\t\t\t\t\t\t<span class=\"elementor-button-content-wrapper\">\n\t\t\t\t\t\t\t\t\t<span class=\"elementor-button-text\">V\u00f5ta minuga \u00fchendust<\/span>\n\t\t\t\t\t<\/span>\n\t\t\t\t\t<\/a>\n\t\t\t\t<\/div>\n\t\t\t\t\t\t\t\t<\/div>\n\t\t\t\t<\/div>\n\t\t\t\t\t<\/div>\n\t\t\t\t<\/div>\n\t\t\t\t\t<\/div>\n\t\t\t\t<\/div>\n\t\t<div class=\"elementor-element elementor-element-c3627aa e-flex e-con-boxed e-con e-parent\" data-id=\"c3627aa\" data-element_type=\"container\" data-e-type=\"container\">\n\t\t\t\t\t<div class=\"e-con-inner\">\n\t\t\t\t\t<\/div>\n\t\t\t\t<\/div>\n\t\t\t\t<\/div>\n\t\t","protected":false},"excerpt":{"rendered":"<p>tehtud t\u00f6\u00f6d Du\u0161iruumi ja sauna s\u00fcvapuhastus V\u00f5ta minuga \u00fchendust Pesuruumi s\u00fcvapuhastus V\u00f5ta minuga \u00fchendust<\/p>\n","protected":false},"author":1,"featured_media":0,"parent":0,"menu_order":0,"comment_status":"closed","ping_status":"closed","template":"","meta":{"_eb_attr":"","site-sidebar-layout":"no-sidebar","site-content-layout":"page-builder","ast-site-content-layout":"full-width-container","site-content-style":"unboxed","site-sidebar-style":"unboxed","ast-global-header-display":"","ast-banner-title-visibility":"","ast-main-header-display":"","ast-hfb-above-header-display":"","ast-hfb-below-header-display":"","ast-hfb-mobile-header-display":"","site-post-title":"","ast-breadcrumbs-content":"","ast-featured-img":"disabled","footer-sml-layout":"","ast-disable-related-posts":"","theme-transparent-header-meta":"enabled","adv-header-id-meta":"","stick-header-meta":"","header-above-stick-meta":"","header-main-stick-meta":"","header-below-stick-meta":"","astra-migrate-meta-layouts":"set","ast-page-background-enabled":"default","ast-page-background-meta":{"desktop":{"background-color":"var(--ast-global-color-4)","background-image":"","background-repeat":"repeat","background-position":"center center","background-size":"auto","background-attachment":"scroll","background-type":"","background-media":"","overlay-type":"","overlay-color":"","overlay-opacity":"","overlay-gradient":""},"tablet":{"background-color":"","background-image":"","background-repeat":"repeat","background-position":"center center","background-size":"auto","background-attachment":"scroll","background-type":"","background-media":"","overlay-type":"","overlay-color":"","overlay-opacity":"","overlay-gradient":""},"mobile":{"background-color":"","background-image":"","background-repeat":"repeat","background-position":"center center","background-size":"auto","background-attachment":"scroll","background-type":"","background-media":"","overlay-type":"","overlay-color":"","overlay-opacity":"","overlay-gradient":""}},"ast-content-background-meta":{"desktop":{"background-color":"var(--ast-global-color-5)","background-image":"","background-repeat":"repeat","background-position":"center center","background-size":"auto","background-attachment":"scroll","background-type":"","background-media":"","overlay-type":"","overlay-color":"","overlay-opacity":"","overlay-gradient":""},"tablet":{"background-color":"var(--ast-global-color-5)","background-image":"","background-repeat":"repeat","background-position":"center center","background-size":"auto","background-attachment":"scroll","background-type":"","background-media":"","overlay-type":"","overlay-color":"","overlay-opacity":"","overlay-gradient":""},"mobile":{"background-color":"var(--ast-global-color-5)","background-image":"","background-repeat":"repeat","background-position":"center center","background-size":"auto","background-attachment":"scroll","background-type":"","background-media":"","overlay-type":"","overlay-color":"","overlay-opacity":"","overlay-gradient":""}},"footnotes":""},"class_list":["post-2455","page","type-page","status-publish","hentry"],"_links":{"self":[{"href":"https:\/\/xn--jrvakoristus-gcb.ee\/et\/wp-json\/wp\/v2\/pages\/2455","targetHints":{"allow":["GET"]}}],"collection":[{"href":"https:\/\/xn--jrvakoristus-gcb.ee\/et\/wp-json\/wp\/v2\/pages"}],"about":[{"href":"https:\/\/xn--jrvakoristus-gcb.ee\/et\/wp-json\/wp\/v2\/types\/page"}],"author":[{"embeddable":true,"href":"https:\/\/xn--jrvakoristus-gcb.ee\/et\/wp-json\/wp\/v2\/users\/1"}],"replies":[{"embeddable":true,"href":"https:\/\/xn--jrvakoristus-gcb.ee\/et\/wp-json\/wp\/v2\/comments?post=2455"}],"version-history":[{"count":34,"href":"https:\/\/xn--jrvakoristus-gcb.ee\/et\/wp-json\/wp\/v2\/pages\/2455\/revisions"}],"predecessor-version":[{"id":2826,"href":"https:\/\/xn--jrvakoristus-gcb.ee\/et\/wp-json\/wp\/v2\/pages\/2455\/revisions\/2826"}],"wp:attachment":[{"href":"https:\/\/xn--jrvakoristus-gcb.ee\/et\/wp-json\/wp\/v2\/media?parent=2455"}],"curies":[{"name":"wp","href":"https:\/\/api.w.org\/{rel}","templated":true}]}}