{"id":2365,"date":"2025-09-23T14:43:19","date_gmt":"2025-09-23T11:43:19","guid":{"rendered":"http:\/\/triinu.taiendkoolitused.ee\/?page_id=2365"},"modified":"2025-11-10T14:21:42","modified_gmt":"2025-11-10T12:21:42","slug":"hinnakiri","status":"publish","type":"page","link":"https:\/\/xn--jrvakoristus-gcb.ee\/et\/hinnakiri\/","title":{"rendered":"Hinnakiri"},"content":{"rendered":"\t\t<div data-elementor-type=\"wp-page\" data-elementor-id=\"2365\" class=\"elementor elementor-2365\">\n\t\t\t\t<div class=\"elementor-element elementor-element-f3d06b3 e-flex e-con-boxed e-con e-parent\" data-id=\"f3d06b3\" data-element_type=\"container\" data-e-type=\"container\" data-settings=\"{&quot;background_background&quot;:&quot;classic&quot;}\">\n\t\t\t\t\t<div class=\"e-con-inner\">\n\t\t<div class=\"elementor-element elementor-element-c248003 e-flex e-con-boxed e-con e-child\" data-id=\"c248003\" data-element_type=\"container\" data-e-type=\"container\">\n\t\t\t\t\t<div class=\"e-con-inner\">\n\t\t\t\t<div class=\"elementor-element elementor-element-0cd6647 elementor-widget elementor-widget-heading\" data-id=\"0cd6647\" data-element_type=\"widget\" data-e-type=\"widget\" data-widget_type=\"heading.default\">\n\t\t\t\t<div class=\"elementor-widget-container\">\n\t\t\t\t\t<h1 class=\"elementor-heading-title elementor-size-default\">hinnakiri\n<\/h1>\t\t\t\t<\/div>\n\t\t\t\t<\/div>\n\t\t\t\t\t<\/div>\n\t\t\t\t<\/div>\n\t\t\t\t\t<\/div>\n\t\t\t\t<\/div>\n\t\t<div class=\"elementor-element elementor-element-6753142 e-flex e-con-boxed e-con e-parent\" data-id=\"6753142\" data-element_type=\"container\" data-e-type=\"container\" data-settings=\"{&quot;background_background&quot;:&quot;classic&quot;}\">\n\t\t\t\t\t<div class=\"e-con-inner\">\n\t\t<div class=\"elementor-element elementor-element-e6c12b6 e-con-full e-flex e-con e-child\" data-id=\"e6c12b6\" data-element_type=\"container\" data-e-type=\"container\">\n\t\t<div class=\"elementor-element elementor-element-3251d36 e-flex e-con-boxed e-con e-child\" data-id=\"3251d36\" data-element_type=\"container\" data-e-type=\"container\">\n\t\t\t\t\t<div class=\"e-con-inner\">\n\t\t\t\t<div class=\"elementor-element elementor-element-62e862d elementor-widget__width-initial elementor-widget-mobile__width-initial elementor-widget elementor-widget-text-editor\" data-id=\"62e862d\" data-element_type=\"widget\" data-e-type=\"widget\" data-widget_type=\"text-editor.default\">\n\t\t\t\t<div class=\"elementor-widget-container\">\n\t\t\t\t\t\t\t\t\t<p><strong>K\u00f6\u00f6kide s\u00fcvapuhastus<\/strong> &#8211;\u00a0 \u00a0 alates 10 \u20ac\/m\u00b2, miinimumhind 65 \u20ac<\/p><p><strong>Akende pesemine<\/strong> &#8211; alates 10 \u20ac\/aken (hind sisaldab klaaspindade sise-ja v\u00e4lispinna ning aknaraamide pesu keskmiste korteriakende puhul, mahukamate t\u00f6\u00f6de puhul on hinnad kokkuleppel) Kui akende pesuks on vajalik t\u00f5stuk, lisandub t\u00f6\u00f6de hinnale ka t\u00f5stuki rent ja transport.<\/p><p><strong>Suurpuhastus &#8211;<\/strong> alates 3,6 \u20ac\/m\u00b2<\/p><p><strong>Pesuruumide s\u00fcvapuhastus &#8211; <\/strong>alates 10 \u20ac\/m\u00b2, miinimumhind 65\u20ac<\/p><p><strong>Ehitusj\u00e4rgne koristus<\/strong> &#8211; alates 4,2 \u20ac\/m\u00b2<\/p>\t\t\t\t\t\t\t\t<\/div>\n\t\t\t\t<\/div>\n\t\t\t\t\t<\/div>\n\t\t\t\t<\/div>\n\t\t\t\t<\/div>\n\t\t\t\t\t<\/div>\n\t\t\t\t<\/div>\n\t\t<div class=\"elementor-element elementor-element-8ed21ea e-flex e-con-boxed e-con e-parent\" data-id=\"8ed21ea\" data-element_type=\"container\" data-e-type=\"container\">\n\t\t\t\t\t<div class=\"e-con-inner\">\n\t\t\t\t<div class=\"elementor-element elementor-element-15cf9f4 elementor-widget elementor-widget-button\" data-id=\"15cf9f4\" data-element_type=\"widget\" data-e-type=\"widget\" data-widget_type=\"button.default\">\n\t\t\t\t<div class=\"elementor-widget-container\">\n\t\t\t\t\t\t\t\t\t<div class=\"elementor-button-wrapper\">\n\t\t\t\t\t<a class=\"elementor-button elementor-button-link elementor-size-sm\" href=\"https:\/\/xn--jrvakoristus-gcb.ee\/et\/kontakt\/\">\n\t\t\t\t\t\t<span class=\"elementor-button-content-wrapper\">\n\t\t\t\t\t\t\t\t\t<span class=\"elementor-button-text\">K\u00fcsi pakkumist!<\/span>\n\t\t\t\t\t<\/span>\n\t\t\t\t\t<\/a>\n\t\t\t\t<\/div>\n\t\t\t\t\t\t\t\t<\/div>\n\t\t\t\t<\/div>\n\t\t\t\t\t<\/div>\n\t\t\t\t<\/div>\n\t\t\t\t<\/div>\n\t\t","protected":false},"excerpt":{"rendered":"<p>hinnakiri K\u00f6\u00f6kide s\u00fcvapuhastus &#8211;\u00a0 \u00a0 alates 10 \u20ac\/m\u00b2, miinimumhind 65 \u20ac Akende pesemine &#8211; alates 10 \u20ac\/aken (hind sisaldab klaaspindade sise-ja v\u00e4lispinna ning aknaraamide pesu keskmiste korteriakende puhul, mahukamate t\u00f6\u00f6de puhul on hinnad kokkuleppel) Kui akende pesuks on vajalik t\u00f5stuk, lisandub t\u00f6\u00f6de hinnale ka t\u00f5stuki rent ja transport. Suurpuhastus &#8211; alates 3,6 \u20ac\/m\u00b2 Pesuruumide s\u00fcvapuhastus [&hellip;]<\/p>\n","protected":false},"author":1,"featured_media":0,"parent":0,"menu_order":0,"comment_status":"closed","ping_status":"closed","template":"","meta":{"_eb_attr":"","site-sidebar-layout":"no-sidebar","site-content-layout":"page-builder","ast-site-content-layout":"full-width-container","site-content-style":"unboxed","site-sidebar-style":"unboxed","ast-global-header-display":"","ast-banner-title-visibility":"","ast-main-header-display":"","ast-hfb-above-header-display":"","ast-hfb-below-header-display":"","ast-hfb-mobile-header-display":"","site-post-title":"disabled","ast-breadcrumbs-content":"","ast-featured-img":"disabled","footer-sml-layout":"","ast-disable-related-posts":"","theme-transparent-header-meta":"enabled","adv-header-id-meta":"","stick-header-meta":"","header-above-stick-meta":"","header-main-stick-meta":"","header-below-stick-meta":"","astra-migrate-meta-layouts":"set","ast-page-background-enabled":"default","ast-page-background-meta":{"desktop":{"background-color":"var(--ast-global-color-4)","background-image":"","background-repeat":"repeat","background-position":"center center","background-size":"auto","background-attachment":"scroll","background-type":"","background-media":"","overlay-type":"","overlay-color":"","overlay-opacity":"","overlay-gradient":""},"tablet":{"background-color":"","background-image":"","background-repeat":"repeat","background-position":"center center","background-size":"auto","background-attachment":"scroll","background-type":"","background-media":"","overlay-type":"","overlay-color":"","overlay-opacity":"","overlay-gradient":""},"mobile":{"background-color":"","background-image":"","background-repeat":"repeat","background-position":"center center","background-size":"auto","background-attachment":"scroll","background-type":"","background-media":"","overlay-type":"","overlay-color":"","overlay-opacity":"","overlay-gradient":""}},"ast-content-background-meta":{"desktop":{"background-color":"var(--ast-global-color-5)","background-image":"","background-repeat":"repeat","background-position":"center center","background-size":"auto","background-attachment":"scroll","background-type":"","background-media":"","overlay-type":"","overlay-color":"","overlay-opacity":"","overlay-gradient":""},"tablet":{"background-color":"var(--ast-global-color-5)","background-image":"","background-repeat":"repeat","background-position":"center center","background-size":"auto","background-attachment":"scroll","background-type":"","background-media":"","overlay-type":"","overlay-color":"","overlay-opacity":"","overlay-gradient":""},"mobile":{"background-color":"var(--ast-global-color-5)","background-image":"","background-repeat":"repeat","background-position":"center center","background-size":"auto","background-attachment":"scroll","background-type":"","background-media":"","overlay-type":"","overlay-color":"","overlay-opacity":"","overlay-gradient":""}},"footnotes":""},"class_list":["post-2365","page","type-page","status-publish","hentry"],"_links":{"self":[{"href":"https:\/\/xn--jrvakoristus-gcb.ee\/et\/wp-json\/wp\/v2\/pages\/2365","targetHints":{"allow":["GET"]}}],"collection":[{"href":"https:\/\/xn--jrvakoristus-gcb.ee\/et\/wp-json\/wp\/v2\/pages"}],"about":[{"href":"https:\/\/xn--jrvakoristus-gcb.ee\/et\/wp-json\/wp\/v2\/types\/page"}],"author":[{"embeddable":true,"href":"https:\/\/xn--jrvakoristus-gcb.ee\/et\/wp-json\/wp\/v2\/users\/1"}],"replies":[{"embeddable":true,"href":"https:\/\/xn--jrvakoristus-gcb.ee\/et\/wp-json\/wp\/v2\/comments?post=2365"}],"version-history":[{"count":67,"href":"https:\/\/xn--jrvakoristus-gcb.ee\/et\/wp-json\/wp\/v2\/pages\/2365\/revisions"}],"predecessor-version":[{"id":2830,"href":"https:\/\/xn--jrvakoristus-gcb.ee\/et\/wp-json\/wp\/v2\/pages\/2365\/revisions\/2830"}],"wp:attachment":[{"href":"https:\/\/xn--jrvakoristus-gcb.ee\/et\/wp-json\/wp\/v2\/media?parent=2365"}],"curies":[{"name":"wp","href":"https:\/\/api.w.org\/{rel}","templated":true}]}}