{"id":14,"date":"2025-09-19T13:34:44","date_gmt":"2025-09-19T10:34:44","guid":{"rendered":"http:\/\/triinu.taiendkoolitused.ee\/about\/"},"modified":"2025-10-28T14:31:35","modified_gmt":"2025-10-28T12:31:35","slug":"minust","status":"publish","type":"page","link":"https:\/\/xn--jrvakoristus-gcb.ee\/et\/minust\/","title":{"rendered":"Minust"},"content":{"rendered":"\t\t<div data-elementor-type=\"wp-page\" data-elementor-id=\"14\" class=\"elementor elementor-14\">\n\t\t\t\t<div class=\"elementor-element elementor-element-dcfb448 e-flex e-con-boxed e-con e-parent\" data-id=\"dcfb448\" data-element_type=\"container\" data-e-type=\"container\" data-settings=\"{&quot;background_background&quot;:&quot;classic&quot;}\">\n\t\t\t\t\t<div class=\"e-con-inner\">\n\t\t<div class=\"elementor-element elementor-element-d21b7e0 e-flex e-con-boxed e-con e-child\" data-id=\"d21b7e0\" data-element_type=\"container\" data-e-type=\"container\">\n\t\t\t\t\t<div class=\"e-con-inner\">\n\t\t\t\t<div class=\"elementor-element elementor-element-e9fd9dc elementor-widget elementor-widget-heading\" data-id=\"e9fd9dc\" data-element_type=\"widget\" data-e-type=\"widget\" data-widget_type=\"heading.default\">\n\t\t\t\t<div class=\"elementor-widget-container\">\n\t\t\t\t\t<h1 class=\"elementor-heading-title elementor-size-default\">minust :<\/h1>\t\t\t\t<\/div>\n\t\t\t\t<\/div>\n\t\t\t\t\t<\/div>\n\t\t\t\t<\/div>\n\t\t\t\t\t<\/div>\n\t\t\t\t<\/div>\n\t\t<div class=\"elementor-element elementor-element-500861b e-flex e-con-boxed e-con e-parent\" data-id=\"500861b\" data-element_type=\"container\" data-e-type=\"container\">\n\t\t\t\t\t<div class=\"e-con-inner\">\n\t\t<div class=\"elementor-element elementor-element-7dbc6fb e-con-full e-flex e-con e-child\" data-id=\"7dbc6fb\" data-element_type=\"container\" data-e-type=\"container\">\n\t\t\t\t<div class=\"elementor-element elementor-element-6658dc9 elementor-widget elementor-widget-heading\" data-id=\"6658dc9\" data-element_type=\"widget\" data-e-type=\"widget\" data-widget_type=\"heading.default\">\n\t\t\t\t<div class=\"elementor-widget-container\">\n\t\t\t\t\t<h4 class=\"elementor-heading-title elementor-size-default\">Minu nimi on Triinu.   Et n\u00fc\u00fcd k\u00f5ik Sulle ausalt \u00e4ra r\u00e4\u00e4kida, pean ennek\u00f5ike tunnistama, et mulle meeldib koristada. Alguse sai see huvi juba v\u00e4ga noorena kodus koristades. P\u00e4ris elukutsena olen sellega tegelenud viimastel aastatel, kui sattusin t\u00f6\u00f6tama eripuhastust pakkuvas ettev\u00f5ttes. Just eripuhastus tekitas minus suure huvi koristusmaailma v\u00f5imaluste vastu ja seet\u00f5ttu l\u00e4ksin seda ka kutsekooli \u00f5ppima... ja seda lausa kahel korral. N\u00fc\u00fcd on mul kutsetunnistused nii tase 3 (Puhastusteenindaja) kui tase 4 (Eripuhastust\u00f6\u00f6de spetsialist).  Just eripuhastust\u00f6\u00f6d oma keerukuse, ootamatustega ja silmn\u00e4htavate tulemustega pakuvad mulle k\u00f5ige suuremat t\u00f6\u00f6r\u00f5\u00f5mu. \nT\u00e4naseks olen aru saanud, et nii nagu inimestelgi on igal ruumil oma iseloom ja seet\u00f5ttu p\u00fc\u00fcan alati leida parima lahenduse, arvestades iga ruumi kasutatavust ja pinnakatete erip\u00e4rasid. Pean oluliseks personaalset l\u00e4henemist ja \u00f5igeid t\u00f6\u00f6v\u00f5tteid, sest just \u00f5ige hooldus ja kaitset\u00f6\u00f6tlus s\u00e4ilitavad pindade v\u00e4limuse ja omadused pikkadeks aastateks. \n<\/h4>\t\t\t\t<\/div>\n\t\t\t\t<\/div>\n\t\t<div class=\"elementor-element elementor-element-0e374c9 e-con-full e-flex e-con e-child\" data-id=\"0e374c9\" data-element_type=\"container\" data-e-type=\"container\">\n\t\t\t\t<div class=\"elementor-element elementor-element-15d9ef4 elementor-widget elementor-widget-button\" data-id=\"15d9ef4\" data-element_type=\"widget\" data-e-type=\"widget\" data-widget_type=\"button.default\">\n\t\t\t\t<div class=\"elementor-widget-container\">\n\t\t\t\t\t\t\t\t\t<div class=\"elementor-button-wrapper\">\n\t\t\t\t\t<a class=\"elementor-button elementor-button-link elementor-size-sm\" href=\"https:\/\/xn--jrvakoristus-gcb.ee\/et\/kontakt\/\" id=\"Kontakt\">\n\t\t\t\t\t\t<span class=\"elementor-button-content-wrapper\">\n\t\t\t\t\t\t\t\t\t<span class=\"elementor-button-text\">V\u00f5ta \u00fchendust<\/span>\n\t\t\t\t\t<\/span>\n\t\t\t\t\t<\/a>\n\t\t\t\t<\/div>\n\t\t\t\t\t\t\t\t<\/div>\n\t\t\t\t<\/div>\n\t\t\t\t<\/div>\n\t\t\t\t<\/div>\n\t\t\t\t\t<\/div>\n\t\t\t\t<\/div>\n\t\t<div class=\"elementor-element elementor-element-a8deeba e-grid e-con-boxed e-con e-parent\" data-id=\"a8deeba\" data-element_type=\"container\" data-e-type=\"container\">\n\t\t\t\t\t<div class=\"e-con-inner\">\n\t\t\t\t<div class=\"elementor-element elementor-element-293fc84 elementor-widget elementor-widget-image\" data-id=\"293fc84\" data-element_type=\"widget\" data-e-type=\"widget\" data-widget_type=\"image.default\">\n\t\t\t\t<div class=\"elementor-widget-container\">\n\t\t\t\t\t\t\t\t\t\t\t\t<figure class=\"wp-caption\">\n\t\t\t\t\t\t\t\t\t\t<img fetchpriority=\"high\" decoding=\"async\" width=\"768\" height=\"1542\" src=\"https:\/\/xn--jrvakoristus-gcb.ee\/et\/wp-content\/uploads\/2025\/10\/kutsetunnistus-209866-768x1542.jpg\" class=\"attachment-medium_large size-medium_large wp-image-2768\" alt=\"kutsetunnistus 209866\" srcset=\"https:\/\/xn--jrvakoristus-gcb.ee\/et\/wp-content\/uploads\/2025\/10\/kutsetunnistus-209866-768x1542.jpg 768w, https:\/\/xn--jrvakoristus-gcb.ee\/et\/wp-content\/uploads\/2025\/10\/kutsetunnistus-209866-149x300.jpg 149w, https:\/\/xn--jrvakoristus-gcb.ee\/et\/wp-content\/uploads\/2025\/10\/kutsetunnistus-209866-510x1024.jpg 510w, https:\/\/xn--jrvakoristus-gcb.ee\/et\/wp-content\/uploads\/2025\/10\/kutsetunnistus-209866-765x1536.jpg 765w, https:\/\/xn--jrvakoristus-gcb.ee\/et\/wp-content\/uploads\/2025\/10\/kutsetunnistus-209866-1020x2048.jpg 1020w, https:\/\/xn--jrvakoristus-gcb.ee\/et\/wp-content\/uploads\/2025\/10\/kutsetunnistus-209866.jpg 1080w\" sizes=\"(max-width: 768px) 100vw, 768px\" title=\"Minust\">\t\t\t\t\t\t\t\t\t\t\t<figcaption class=\"widget-image-caption wp-caption-text\">Kutsetunnistus tase 3<\/figcaption>\n\t\t\t\t\t\t\t\t\t\t<\/figure>\n\t\t\t\t\t\t\t\t\t<\/div>\n\t\t\t\t<\/div>\n\t\t\t\t<div class=\"elementor-element elementor-element-53ebca1 elementor-widget elementor-widget-image\" data-id=\"53ebca1\" data-element_type=\"widget\" data-e-type=\"widget\" data-widget_type=\"image.default\">\n\t\t\t\t<div class=\"elementor-widget-container\">\n\t\t\t\t\t\t\t\t\t\t\t\t<figure class=\"wp-caption\">\n\t\t\t\t\t\t\t\t\t\t<img decoding=\"async\" width=\"768\" height=\"1587\" src=\"https:\/\/xn--jrvakoristus-gcb.ee\/et\/wp-content\/uploads\/2025\/10\/kutsetunnistus-221912-768x1587.jpg\" class=\"attachment-medium_large size-medium_large wp-image-2767\" alt=\"kutsetunnistus 221912\" srcset=\"https:\/\/xn--jrvakoristus-gcb.ee\/et\/wp-content\/uploads\/2025\/10\/kutsetunnistus-221912-768x1587.jpg 768w, https:\/\/xn--jrvakoristus-gcb.ee\/et\/wp-content\/uploads\/2025\/10\/kutsetunnistus-221912-145x300.jpg 145w, https:\/\/xn--jrvakoristus-gcb.ee\/et\/wp-content\/uploads\/2025\/10\/kutsetunnistus-221912-496x1024.jpg 496w, https:\/\/xn--jrvakoristus-gcb.ee\/et\/wp-content\/uploads\/2025\/10\/kutsetunnistus-221912-744x1536.jpg 744w, https:\/\/xn--jrvakoristus-gcb.ee\/et\/wp-content\/uploads\/2025\/10\/kutsetunnistus-221912-991x2048.jpg 991w, https:\/\/xn--jrvakoristus-gcb.ee\/et\/wp-content\/uploads\/2025\/10\/kutsetunnistus-221912.jpg 1048w\" sizes=\"(max-width: 768px) 100vw, 768px\" title=\"Minust\">\t\t\t\t\t\t\t\t\t\t\t<figcaption class=\"widget-image-caption wp-caption-text\">Kutsetunnistus tase 4<\/figcaption>\n\t\t\t\t\t\t\t\t\t\t<\/figure>\n\t\t\t\t\t\t\t\t\t<\/div>\n\t\t\t\t<\/div>\n\t\t\t\t\t<\/div>\n\t\t\t\t<\/div>\n\t\t\t\t<\/div>\n\t\t","protected":false},"excerpt":{"rendered":"<p>minust : Minu nimi on Triinu. Et n\u00fc\u00fcd k\u00f5ik Sulle ausalt \u00e4ra r\u00e4\u00e4kida, pean ennek\u00f5ike tunnistama, et mulle meeldib koristada. Alguse sai see huvi juba v\u00e4ga noorena kodus koristades. P\u00e4ris elukutsena olen sellega tegelenud viimastel aastatel, kui sattusin t\u00f6\u00f6tama eripuhastust pakkuvas ettev\u00f5ttes. Just eripuhastus tekitas minus suure huvi koristusmaailma v\u00f5imaluste vastu ja seet\u00f5ttu l\u00e4ksin seda [&hellip;]<\/p>\n","protected":false},"author":1,"featured_media":0,"parent":0,"menu_order":0,"comment_status":"closed","ping_status":"closed","template":"","meta":{"_eb_attr":"","site-sidebar-layout":"no-sidebar","site-content-layout":"page-builder","ast-site-content-layout":"full-width-container","site-content-style":"unboxed","site-sidebar-style":"unboxed","ast-global-header-display":"","ast-banner-title-visibility":"","ast-main-header-display":"","ast-hfb-above-header-display":"","ast-hfb-below-header-display":"","ast-hfb-mobile-header-display":"","site-post-title":"disabled","ast-breadcrumbs-content":"","ast-featured-img":"disabled","footer-sml-layout":"","ast-disable-related-posts":"","theme-transparent-header-meta":"enabled","adv-header-id-meta":"","stick-header-meta":"","header-above-stick-meta":"","header-main-stick-meta":"","header-below-stick-meta":"","astra-migrate-meta-layouts":"set","ast-page-background-enabled":"default","ast-page-background-meta":{"desktop":{"background-color":"var(--ast-global-color-4)","background-image":"","background-repeat":"repeat","background-position":"center center","background-size":"auto","background-attachment":"scroll","background-type":"","background-media":"","overlay-type":"","overlay-color":"","overlay-opacity":"","overlay-gradient":""},"tablet":{"background-color":"","background-image":"","background-repeat":"repeat","background-position":"center center","background-size":"auto","background-attachment":"scroll","background-type":"","background-media":"","overlay-type":"","overlay-color":"","overlay-opacity":"","overlay-gradient":""},"mobile":{"background-color":"","background-image":"","background-repeat":"repeat","background-position":"center center","background-size":"auto","background-attachment":"scroll","background-type":"","background-media":"","overlay-type":"","overlay-color":"","overlay-opacity":"","overlay-gradient":""}},"ast-content-background-meta":{"desktop":{"background-color":"var(--ast-global-color-5)","background-image":"","background-repeat":"repeat","background-position":"center center","background-size":"auto","background-attachment":"scroll","background-type":"","background-media":"","overlay-type":"","overlay-color":"","overlay-opacity":"","overlay-gradient":""},"tablet":{"background-color":"var(--ast-global-color-5)","background-image":"","background-repeat":"repeat","background-position":"center center","background-size":"auto","background-attachment":"scroll","background-type":"","background-media":"","overlay-type":"","overlay-color":"","overlay-opacity":"","overlay-gradient":""},"mobile":{"background-color":"var(--ast-global-color-5)","background-image":"","background-repeat":"repeat","background-position":"center center","background-size":"auto","background-attachment":"scroll","background-type":"","background-media":"","overlay-type":"","overlay-color":"","overlay-opacity":"","overlay-gradient":""}},"footnotes":""},"class_list":["post-14","page","type-page","status-publish","hentry"],"_links":{"self":[{"href":"https:\/\/xn--jrvakoristus-gcb.ee\/et\/wp-json\/wp\/v2\/pages\/14","targetHints":{"allow":["GET"]}}],"collection":[{"href":"https:\/\/xn--jrvakoristus-gcb.ee\/et\/wp-json\/wp\/v2\/pages"}],"about":[{"href":"https:\/\/xn--jrvakoristus-gcb.ee\/et\/wp-json\/wp\/v2\/types\/page"}],"author":[{"embeddable":true,"href":"https:\/\/xn--jrvakoristus-gcb.ee\/et\/wp-json\/wp\/v2\/users\/1"}],"replies":[{"embeddable":true,"href":"https:\/\/xn--jrvakoristus-gcb.ee\/et\/wp-json\/wp\/v2\/comments?post=14"}],"version-history":[{"count":41,"href":"https:\/\/xn--jrvakoristus-gcb.ee\/et\/wp-json\/wp\/v2\/pages\/14\/revisions"}],"predecessor-version":[{"id":2771,"href":"https:\/\/xn--jrvakoristus-gcb.ee\/et\/wp-json\/wp\/v2\/pages\/14\/revisions\/2771"}],"wp:attachment":[{"href":"https:\/\/xn--jrvakoristus-gcb.ee\/et\/wp-json\/wp\/v2\/media?parent=14"}],"curies":[{"name":"wp","href":"https:\/\/api.w.org\/{rel}","templated":true}]}}